{"id":15143,"date":"2026-01-29T10:49:50","date_gmt":"2026-01-29T09:49:50","guid":{"rendered":"https:\/\/mercatino.hu\/valentinstag\/"},"modified":"2026-01-29T10:49:50","modified_gmt":"2026-01-29T09:49:50","slug":"valentinstag","status":"publish","type":"page","link":"https:\/\/mercatino.hu\/de\/valentinstag\/","title":{"rendered":"Valentinstag"},"content":{"rendered":"\t\t<div data-elementor-type=\"wp-page\" data-elementor-id=\"15143\" class=\"elementor elementor-15143 elementor-4763\" data-elementor-post-type=\"page\">\n\t\t\t\t\t\t<section class=\"elementor-section elementor-top-section elementor-element elementor-element-40dd318 elementor-section-full_width elementor-section-height-min-height elementor-section-height-default elementor-section-items-middle\" data-id=\"40dd318\" data-element_type=\"section\" data-e-type=\"section\">\n\t\t\t\t\t\t\t<div class=\"elementor-background-overlay\"><\/div>\n\t\t\t\t\t\t\t<div class=\"elementor-container elementor-column-gap-no\">\n\t\t\t\t\t<div class=\"elementor-column elementor-col-100 elementor-top-column elementor-element elementor-element-e363c31\" data-id=\"e363c31\" data-element_type=\"column\" data-e-type=\"column\">\n\t\t\t<div class=\"elementor-widget-wrap\">\n\t\t\t\t\t\t\t<\/div>\n\t\t<\/div>\n\t\t\t\t\t<\/div>\n\t\t<\/section>\n\t\t\t\t<section class=\"elementor-section elementor-top-section elementor-element elementor-element-a0662b2 elementor-section-content-middle elementor-section-full_width elementor-section-height-default elementor-section-height-default\" data-id=\"a0662b2\" data-element_type=\"section\" data-e-type=\"section\">\n\t\t\t\t\t\t\t<div class=\"elementor-background-overlay\"><\/div>\n\t\t\t\t\t\t\t<div class=\"elementor-container elementor-column-gap-no\">\n\t\t\t\t\t<div class=\"elementor-column elementor-col-50 elementor-top-column elementor-element elementor-element-0712126\" data-id=\"0712126\" data-element_type=\"column\" data-e-type=\"column\">\n\t\t\t<div class=\"elementor-widget-wrap elementor-element-populated\">\n\t\t\t\t\t\t<div class=\"elementor-element elementor-element-085f315 elementor-widget elementor-widget-heading\" data-id=\"085f315\" data-element_type=\"widget\" data-e-type=\"widget\" data-widget_type=\"heading.default\">\n\t\t\t\t<div class=\"elementor-widget-container\">\n\t\t\t\t\t<h4 class=\"elementor-heading-title elementor-size-default\">Valentinstag im Mercatino \u2013 Ein Abend, der ewig w\u00e4hrt<\/h4>\t\t\t\t<\/div>\n\t\t\t\t<\/div>\n\t\t\t\t<div class=\"elementor-element elementor-element-16e56e3 elementor-widget elementor-widget-text-editor\" data-id=\"16e56e3\" data-element_type=\"widget\" data-e-type=\"widget\" data-widget_type=\"text-editor.default\">\n\t\t\t\t<div class=\"elementor-widget-container\">\n\t\t\t\t\t\t\t\t\t<p>Jeder Tag im Mercatino ist etwas Besonderes, doch am Valentinstag bereiten wir uns mit besonderer Sorgfalt darauf vor, unseren G\u00e4sten ein unvergessliches Erlebnis zu bereiten. An diesem romantischen Abend machen wir den Tag mit der bezaubernden Atmosph\u00e4re unseres Restaurants, der Exzellenz unserer exklusiven Weine und den meisterhaften Kreationen unseres K\u00fcchenchefs zu einem unvergesslichen Erlebnis. <\/p><p>Verw\u00f6hnen Sie Ihren Partner mit einem romantischen Abendessen, das durch sorgf\u00e4ltig ausgew\u00e4hlte, vom Valentinstag inspirierte Gerichte und erlesene Weine zu einem ganz besonderen Erlebnis wird. Kerzenlicht, stimmungsvolle Musik und eleganter Service runden das Ambiente perfekt ab. <\/p>\t\t\t\t\t\t\t\t<\/div>\n\t\t\t\t<\/div>\n\t\t\t\t<div class=\"elementor-element elementor-element-d09a619 elementor-widget elementor-widget-text-editor\" data-id=\"d09a619\" data-element_type=\"widget\" data-e-type=\"widget\" data-widget_type=\"text-editor.default\">\n\t\t\t\t<div class=\"elementor-widget-container\">\n\t\t\t\t\t\t\t\t\t<p>Reservierung und wichtige Informationen<\/p>\t\t\t\t\t\t\t\t<\/div>\n\t\t\t\t<\/div>\n\t\t\t\t<div class=\"elementor-element elementor-element-9c0ecfe elementor-widget-divider--view-line elementor-widget elementor-widget-divider\" data-id=\"9c0ecfe\" data-element_type=\"widget\" data-e-type=\"widget\" data-widget_type=\"divider.default\">\n\t\t\t\t<div class=\"elementor-widget-container\">\n\t\t\t\t\t\t\t<div class=\"elementor-divider\">\n\t\t\t<span class=\"elementor-divider-separator\">\n\t\t\t\t\t\t<\/span>\n\t\t<\/div>\n\t\t\t\t\t\t<\/div>\n\t\t\t\t<\/div>\n\t\t\t\t<div class=\"elementor-element elementor-element-923428b elementor-widget elementor-widget-text-editor\" data-id=\"923428b\" data-element_type=\"widget\" data-e-type=\"widget\" data-widget_type=\"text-editor.default\">\n\t\t\t\t<div class=\"elementor-widget-container\">\n\t\t\t\t\t\t\t\t\t<p>Da unser Restaurant sehr beliebt ist, sind die Pl\u00e4tze begrenzt. Wir empfehlen daher dringend, zu reservieren. Sichern Sie sich Ihren Platz im Voraus unter folgender Telefonnummer: <\/p>\t\t\t\t\t\t\t\t<\/div>\n\t\t\t\t<\/div>\n\t\t\t\t<div class=\"elementor-element elementor-element-ab6d9ad elementor-widget elementor-widget-text-editor\" data-id=\"ab6d9ad\" data-element_type=\"widget\" data-e-type=\"widget\" data-widget_type=\"text-editor.default\">\n\t\t\t\t<div class=\"elementor-widget-container\">\n\t\t\t\t\t\t\t\t\t<p>Wir behandeln den Valentinstag als besonderen Feiertag, daher gelten in unserem Restaurant an diesem Abend spezielle Regelungen. Um allen unseren G\u00e4sten ein reibungsloses und perfektes Erlebnis zu bieten, beachten Sie bitte den Mindestverzehr: <\/p>\n<ul>\n<li><strong>Mindestverzehr: 20.000 HUF\/Person + Bedienungsgeld<\/strong><\/li>\n<\/ul>\t\t\t\t\t\t\t\t<\/div>\n\t\t\t\t<\/div>\n\t\t\t\t<div class=\"elementor-element elementor-element-4c473ec elementor-widget elementor-widget-text-editor\" data-id=\"4c473ec\" data-element_type=\"widget\" data-e-type=\"widget\" data-widget_type=\"text-editor.default\">\n\t\t\t\t<div class=\"elementor-widget-container\">\n\t\t\t\t\t\t\t\t\t<p>\ud83d\udcde <strong>+36 30 463 4689<\/strong><\/p>\t\t\t\t\t\t\t\t<\/div>\n\t\t\t\t<\/div>\n\t\t\t\t<div class=\"elementor-element elementor-element-b3f8e8d elementor-align-justify elementor-widget elementor-widget-button\" data-id=\"b3f8e8d\" data-element_type=\"widget\" data-e-type=\"widget\" data-settings=\"{&quot;_animation_mobile&quot;:&quot;bounceIn&quot;}\" data-widget_type=\"button.default\">\n\t\t\t\t<div class=\"elementor-widget-container\">\n\t\t\t\t\t\t\t\t\t<div class=\"elementor-button-wrapper\">\n\t\t\t\t\t<a class=\"elementor-button elementor-button-link elementor-size-md elementor-animation-push\" href=\"https:\/\/mercatino.hu\/reservation\">\n\t\t\t\t\t\t<span class=\"elementor-button-content-wrapper\">\n\t\t\t\t\t\t\t\t\t<span class=\"elementor-button-text\">RESERVIERUNG<\/span>\n\t\t\t\t\t<\/span>\n\t\t\t\t\t<\/a>\n\t\t\t\t<\/div>\n\t\t\t\t\t\t\t\t<\/div>\n\t\t\t\t<\/div>\n\t\t\t\t<div class=\"elementor-element elementor-element-d9dcfac elementor-hidden-desktop elementor-hidden-tablet elementor-hidden-mobile elementor-widget elementor-widget-text-editor\" data-id=\"d9dcfac\" data-element_type=\"widget\" data-e-type=\"widget\" data-widget_type=\"text-editor.default\">\n\t\t\t\t<div class=\"elementor-widget-container\">\n\t\t\t\t\t\t\t\t\t<p>Pflanzschichten<\/p>\t\t\t\t\t\t\t\t<\/div>\n\t\t\t\t<\/div>\n\t\t\t\t<div class=\"elementor-element elementor-element-4e0d49d elementor-widget-divider--view-line elementor-widget elementor-widget-divider\" data-id=\"4e0d49d\" data-element_type=\"widget\" data-e-type=\"widget\" data-widget_type=\"divider.default\">\n\t\t\t\t<div class=\"elementor-widget-container\">\n\t\t\t\t\t\t\t<div class=\"elementor-divider\">\n\t\t\t<span class=\"elementor-divider-separator\">\n\t\t\t\t\t\t<\/span>\n\t\t<\/div>\n\t\t\t\t\t\t<\/div>\n\t\t\t\t<\/div>\n\t\t\t\t<div class=\"elementor-element elementor-element-87159e8 elementor-hidden-desktop elementor-hidden-tablet elementor-hidden-mobile elementor-widget elementor-widget-text-editor\" data-id=\"87159e8\" data-element_type=\"widget\" data-e-type=\"widget\" data-widget_type=\"text-editor.default\">\n\t\t\t\t<div class=\"elementor-widget-container\">\n\t\t\t\t\t\t\t\t\t<p>Um einen reibungslosen Ablauf des Abends zu gew\u00e4hrleisten, bieten wir zwei Sitzpl\u00e4ne an:<\/p><ul><li><strong>Erste Schicht: 17:30 &#8211; 20:00 Uhr<\/strong><\/li><li><strong>Zweite Schicht: 20:15 &#8211; 24:00 Uhr<\/strong><\/li><\/ul><p>Bitte erscheinen Sie genau zur gebuchten Zeit, um den Abend in vollen Z\u00fcgen genie\u00dfen zu k\u00f6nnen.<\/p>\t\t\t\t\t\t\t\t<\/div>\n\t\t\t\t<\/div>\n\t\t\t\t<div class=\"elementor-element elementor-element-ddbfa5a elementor-widget elementor-widget-text-editor\" data-id=\"ddbfa5a\" data-element_type=\"widget\" data-e-type=\"widget\" data-widget_type=\"text-editor.default\">\n\t\t\t\t<div class=\"elementor-widget-container\">\n\t\t\t\t\t\t\t\t\t<p>Gastronomische Erlebnisse am Valentinstag<\/p>\t\t\t\t\t\t\t\t<\/div>\n\t\t\t\t<\/div>\n\t\t\t\t<div class=\"elementor-element elementor-element-909b2c4 elementor-widget-divider--view-line elementor-widget elementor-widget-divider\" data-id=\"909b2c4\" data-element_type=\"widget\" data-e-type=\"widget\" data-widget_type=\"divider.default\">\n\t\t\t\t<div class=\"elementor-widget-container\">\n\t\t\t\t\t\t\t<div class=\"elementor-divider\">\n\t\t\t<span class=\"elementor-divider-separator\">\n\t\t\t\t\t\t<\/span>\n\t\t<\/div>\n\t\t\t\t\t\t<\/div>\n\t\t\t\t<\/div>\n\t\t\t\t<div class=\"elementor-element elementor-element-c88b7c6 elementor-widget elementor-widget-text-editor\" data-id=\"c88b7c6\" data-element_type=\"widget\" data-e-type=\"widget\" data-widget_type=\"text-editor.default\">\n\t\t\t\t<div class=\"elementor-widget-container\">\n\t\t\t\t\t\t\t\t\t<p>An diesem besonderen Tag haben unsere G\u00e4ste die M\u00f6glichkeit, aus der gesamten \u00c0-la-carte-Speisekarte unseres Restaurants sowie aus speziell f\u00fcr diesen Anlass von unseren K\u00f6chen kreierten Valentinstagsgerichten zu w\u00e4hlen.<\/p><p>Bei der Zusammenstellung des Men\u00fcs legte unser K\u00fcchenchef R\u00f3bert Sz\u0171cs besonderen Wert darauf, dass die Gerichte nicht nur geschmacklich, sondern auch optisch ein Genuss waren. Die Speisen harmonieren perfekt mit den Weinen, die unser Weinexperte Attila aus erlesenen Tropfen ausgew\u00e4hlt hat. <\/p>\t\t\t\t\t\t\t\t<\/div>\n\t\t\t\t<\/div>\n\t\t\t\t<div class=\"elementor-element elementor-element-156740e elementor-widget-divider--view-line elementor-widget elementor-widget-divider\" data-id=\"156740e\" data-element_type=\"widget\" data-e-type=\"widget\" data-widget_type=\"divider.default\">\n\t\t\t\t<div class=\"elementor-widget-container\">\n\t\t\t\t\t\t\t<div class=\"elementor-divider\">\n\t\t\t<span class=\"elementor-divider-separator\">\n\t\t\t\t\t\t<\/span>\n\t\t<\/div>\n\t\t\t\t\t\t<\/div>\n\t\t\t\t<\/div>\n\t\t\t\t<div class=\"elementor-element elementor-element-9c8672b elementor-widget elementor-widget-text-editor\" data-id=\"9c8672b\" data-element_type=\"widget\" data-e-type=\"widget\" data-widget_type=\"text-editor.default\">\n\t\t\t\t<div class=\"elementor-widget-container\">\n\t\t\t\t\t\t\t\t\t<p style=\"text-align: center;\">An diesem Tag k\u00f6nnen unsere G\u00e4ste aus der gesamten \u00c0-la-carte-Speisekarte und dem von unseren K\u00f6chen kreierten \u201eValentinstags-Angebot\u201c w\u00e4hlen!<\/p>\t\t\t\t\t\t\t\t<\/div>\n\t\t\t\t<\/div>\n\t\t\t\t<div class=\"elementor-element elementor-element-13a423f elementor-widget-divider--view-line elementor-widget elementor-widget-divider\" data-id=\"13a423f\" data-element_type=\"widget\" data-e-type=\"widget\" data-widget_type=\"divider.default\">\n\t\t\t\t<div class=\"elementor-widget-container\">\n\t\t\t\t\t\t\t<div class=\"elementor-divider\">\n\t\t\t<span class=\"elementor-divider-separator\">\n\t\t\t\t\t\t<\/span>\n\t\t<\/div>\n\t\t\t\t\t\t<\/div>\n\t\t\t\t<\/div>\n\t\t\t\t<div class=\"elementor-element elementor-element-e3e93e7 elementor-align-justify elementor-widget elementor-widget-button\" data-id=\"e3e93e7\" data-element_type=\"widget\" data-e-type=\"widget\" data-settings=\"{&quot;_animation_mobile&quot;:&quot;bounceIn&quot;}\" data-widget_type=\"button.default\">\n\t\t\t\t<div class=\"elementor-widget-container\">\n\t\t\t\t\t\t\t\t\t<div class=\"elementor-button-wrapper\">\n\t\t\t\t\t<a class=\"elementor-button elementor-button-link elementor-size-md elementor-animation-push\" href=\"https:\/\/mercatino.hu\/reservation\">\n\t\t\t\t\t\t<span class=\"elementor-button-content-wrapper\">\n\t\t\t\t\t\t\t\t\t<span class=\"elementor-button-text\">RESERVIERUNG<\/span>\n\t\t\t\t\t<\/span>\n\t\t\t\t\t<\/a>\n\t\t\t\t<\/div>\n\t\t\t\t\t\t\t\t<\/div>\n\t\t\t\t<\/div>\n\t\t\t\t<div class=\"elementor-element elementor-element-100f950 elementor-widget elementor-widget-html\" data-id=\"100f950\" data-element_type=\"widget\" data-e-type=\"widget\" data-widget_type=\"html.default\">\n\t\t\t\t<div class=\"elementor-widget-container\">\n\t\t\t\t\t<script type='text\/javascript' src='\/\/www.opentable.co.uk\/widget\/reservation\/loader?rid=265200&type=standard&theme=tall&color=1&dark=true&iframe=true&domain=couk&lang=en-GB&newtab=false&ot_source=Restaurant%20website&cfe=true'><\/script>\t\t\t\t<\/div>\n\t\t\t\t<\/div>\n\t\t\t\t<div class=\"elementor-element elementor-element-5186abc elementor-widget elementor-widget-facebook-button\" data-id=\"5186abc\" data-element_type=\"widget\" data-e-type=\"widget\" data-widget_type=\"facebook-button.default\">\n\t\t\t\t<div class=\"elementor-widget-container\">\n\t\t\t\t\t\t\t<div data-layout=\"button\" data-colorscheme=\"dark\" data-size=\"large\" data-show-faces=\"false\" class=\"elementor-facebook-widget fb-like\" data-href=\"https:\/\/mercatino.hu\/de\/valentinstag\/\" data-share=\"true\" data-action=\"recommend\"><\/div>\n\t\t\t\t\t\t<\/div>\n\t\t\t\t<\/div>\n\t\t\t\t\t<\/div>\n\t\t<\/div>\n\t\t\t\t<div class=\"elementor-column elementor-col-50 elementor-top-column elementor-element elementor-element-5ca4db9\" data-id=\"5ca4db9\" data-element_type=\"column\" data-e-type=\"column\">\n\t\t\t<div class=\"elementor-widget-wrap elementor-element-populated\">\n\t\t\t\t\t\t<div class=\"elementor-element elementor-element-9f3c1cc elementor-widget elementor-widget-image\" data-id=\"9f3c1cc\" data-element_type=\"widget\" data-e-type=\"widget\" data-widget_type=\"image.default\">\n\t\t\t\t<div class=\"elementor-widget-container\">\n\t\t\t\t\t\t\t\t\t\t\t\t\t\t\t<img decoding=\"async\" src=\"https:\/\/mercatino.hu\/wp-content\/uploads\/2024\/02\/valentin2-masolat.jpg\" title=\"valentin2 m\u00e1solat\" alt=\"valentin2 m\u00e1solat\" loading=\"lazy\" \/>\t\t\t\t\t\t\t\t\t\t\t\t\t\t\t<\/div>\n\t\t\t\t<\/div>\n\t\t\t\t<div class=\"elementor-element elementor-element-2ae1d94 elementor-widget elementor-widget-heading\" data-id=\"2ae1d94\" data-element_type=\"widget\" data-e-type=\"widget\" data-widget_type=\"heading.default\">\n\t\t\t\t<div class=\"elementor-widget-container\">\n\t\t\t\t\t<h4 class=\"elementor-heading-title elementor-size-default\">T\u00e4gliches Valentinstagsangebot des K\u00fcchenchefs<\/h4>\t\t\t\t<\/div>\n\t\t\t\t<\/div>\n\t\t\t\t<div class=\"elementor-element elementor-element-759d20a elementor-widget elementor-widget-price-list\" data-id=\"759d20a\" data-element_type=\"widget\" data-e-type=\"widget\" data-widget_type=\"price-list.default\">\n\t\t\t\t<div class=\"elementor-widget-container\">\n\t\t\t\t\t\n\t\t<ul class=\"elementor-price-list\">\n\n\t\t\t\t\t\t\t\t\t<li><a class=\"elementor-price-list-item\" href=\"#\">\t\t\t\t\n\t\t\t\t<div class=\"elementor-price-list-text\">\n\t\t\t\t\t\t\t\t\t<div class=\"elementor-price-list-header\">\n\t\t\t\t\t\t\t\t\t\t\t<span class=\"elementor-price-list-title\">\n\t\t\t\t\t\t\tMarinierter schottischer Lachs, Ingwer, Rote-Bete-Macaron, Sake-Gelee\t\t\t\t\t\t<\/span>\n\t\t\t\t\t\t\t\t\t\t\t\t\t\t\t\t\t\t<span class=\"elementor-price-list-separator\"><\/span>\n\t\t\t\t\t\t\t\t\t\t\t\t\t\t\t\t\t\t\t<span class=\"elementor-price-list-price\"><font color=\"#AC1010\">\u2665<\/font> 7.950,- Ft<\/span>\n\t\t\t\t\t\t\t\t\t\t<\/div>\n\t\t\t\t\t\t\t\t\t\t\t\t<\/div>\n\t\t\t\t<\/a><\/li>\t\t\t\t\t\t\t\t\t\t\t\t<li><a class=\"elementor-price-list-item\" href=\"#\">\t\t\t\t\n\t\t\t\t<div class=\"elementor-price-list-text\">\n\t\t\t\t\t\t\t\t\t<div class=\"elementor-price-list-header\">\n\t\t\t\t\t\t\t\t\t\t\t<span class=\"elementor-price-list-title\">\n\t\t\t\t\t\t\tTruthahn-Austern, ger\u00e4uchertes Selleriep\u00fcree, japanische Aubergine\t\t\t\t\t\t<\/span>\n\t\t\t\t\t\t\t\t\t\t\t\t\t\t\t\t\t\t<span class=\"elementor-price-list-separator\"><\/span>\n\t\t\t\t\t\t\t\t\t\t\t\t\t\t\t\t\t\t\t<span class=\"elementor-price-list-price\"><font color=\"#AC1010\">\u2665<\/font> 9.850,- Ft<\/span>\n\t\t\t\t\t\t\t\t\t\t<\/div>\n\t\t\t\t\t\t\t\t\t\t\t\t<\/div>\n\t\t\t\t<\/a><\/li>\t\t\t\t\t\t\t\t\t\t\t\t<li><a class=\"elementor-price-list-item\" href=\"#\">\t\t\t\t\n\t\t\t\t<div class=\"elementor-price-list-text\">\n\t\t\t\t\t\t\t\t\t<div class=\"elementor-price-list-header\">\n\t\t\t\t\t\t\t\t\t\t\t<span class=\"elementor-price-list-title\">\n\t\t\t\t\t\t\tCognac-Kirsch-Rubin-Schokoladenherz mit Sesam-Financier\t\t\t\t\t\t<\/span>\n\t\t\t\t\t\t\t\t\t\t\t\t\t\t\t\t\t\t<span class=\"elementor-price-list-separator\"><\/span>\n\t\t\t\t\t\t\t\t\t\t\t\t\t\t\t\t\t\t\t<span class=\"elementor-price-list-price\"><font color=\"#AC1010\">\u2665<\/font> 3.650,- Ft<\/span>\n\t\t\t\t\t\t\t\t\t\t<\/div>\n\t\t\t\t\t\t\t\t\t\t\t\t<\/div>\n\t\t\t\t<\/a><\/li>\t\t\t\t\t\n\t\t<\/ul>\n\n\t\t\t\t\t\t<\/div>\n\t\t\t\t<\/div>\n\t\t\t\t\t<\/div>\n\t\t<\/div>\n\t\t\t\t\t<\/div>\n\t\t<\/section>\n\t\t\t\t<\/div>\n\t\t","protected":false},"excerpt":{"rendered":"<p>Valentinstag im Mercatino \u2013 Ein Abend, der ewig w\u00e4hrt Jeder Tag im Mercatino ist etwas Besonderes, doch am Valentinstag bereiten wir uns mit besonderer Sorgfalt darauf vor, unseren G\u00e4sten ein unvergessliches Erlebnis zu bereiten. An diesem romantischen Abend machen wir den Tag mit der bezaubernden Atmosph\u00e4re unseres Restaurants, der Exzellenz unserer exklusiven Weine und den [&hellip;]<\/p>\n","protected":false},"author":1,"featured_media":0,"parent":0,"menu_order":0,"comment_status":"closed","ping_status":"closed","template":"elementor_header_footer","meta":{"inline_featured_image":false,"footnotes":""},"class_list":["post-15143","page","type-page","status-publish","hentry"],"_links":{"self":[{"href":"https:\/\/mercatino.hu\/de\/wp-json\/wp\/v2\/pages\/15143","targetHints":{"allow":["GET"]}}],"collection":[{"href":"https:\/\/mercatino.hu\/de\/wp-json\/wp\/v2\/pages"}],"about":[{"href":"https:\/\/mercatino.hu\/de\/wp-json\/wp\/v2\/types\/page"}],"author":[{"embeddable":true,"href":"https:\/\/mercatino.hu\/de\/wp-json\/wp\/v2\/users\/1"}],"replies":[{"embeddable":true,"href":"https:\/\/mercatino.hu\/de\/wp-json\/wp\/v2\/comments?post=15143"}],"version-history":[{"count":1,"href":"https:\/\/mercatino.hu\/de\/wp-json\/wp\/v2\/pages\/15143\/revisions"}],"predecessor-version":[{"id":15144,"href":"https:\/\/mercatino.hu\/de\/wp-json\/wp\/v2\/pages\/15143\/revisions\/15144"}],"wp:attachment":[{"href":"https:\/\/mercatino.hu\/de\/wp-json\/wp\/v2\/media?parent=15143"}],"curies":[{"name":"wp","href":"https:\/\/api.w.org\/{rel}","templated":true}]}}