{"id":12838,"date":"2024-11-20T11:17:23","date_gmt":"2024-11-20T10:17:23","guid":{"rendered":"https:\/\/mercatino.hu\/weihnachten\/"},"modified":"2024-11-20T11:17:24","modified_gmt":"2024-11-20T10:17:24","slug":"weihnachten","status":"publish","type":"page","link":"https:\/\/mercatino.hu\/de\/weihnachten\/","title":{"rendered":"Weihnachten"},"content":{"rendered":"\t\t<div data-elementor-type=\"wp-page\" data-elementor-id=\"12838\" class=\"elementor elementor-12838 elementor-8627\" data-elementor-post-type=\"page\">\n\t\t\t\t<div class=\"elementor-element elementor-element-54d9408 e-con-full e-flex e-con e-parent\" data-id=\"54d9408\" data-element_type=\"container\" data-e-type=\"container\">\n\t\t\t\t<div class=\"elementor-element elementor-element-4e3bd63 elementor-widget elementor-widget-image\" data-id=\"4e3bd63\" data-element_type=\"widget\" data-e-type=\"widget\" data-widget_type=\"image.default\">\n\t\t\t\t<div class=\"elementor-widget-container\">\n\t\t\t\t\t\t\t\t\t\t\t\t\t\t\t<img decoding=\"async\" src=\"https:\/\/mercatino.hu\/wp-content\/uploads\/2023\/12\/xmasdinnerweb1.jpg\" title=\"xmasdinnerweb1\" alt=\"xmasdinnerweb1\" loading=\"lazy\" \/>\t\t\t\t\t\t\t\t\t\t\t\t\t\t\t<\/div>\n\t\t\t\t<\/div>\n\t\t\t\t<\/div>\n\t\t<div class=\"elementor-element elementor-element-7eaf750 e-flex e-con-boxed e-con e-parent\" data-id=\"7eaf750\" data-element_type=\"container\" data-e-type=\"container\">\n\t\t\t\t\t<div class=\"e-con-inner\">\n\t\t\t\t<div class=\"elementor-element elementor-element-5f4fe40 elementor-widget elementor-widget-spacer\" data-id=\"5f4fe40\" data-element_type=\"widget\" data-e-type=\"widget\" data-widget_type=\"spacer.default\">\n\t\t\t\t<div class=\"elementor-widget-container\">\n\t\t\t\t\t\t\t<div class=\"elementor-spacer\">\n\t\t\t<div class=\"elementor-spacer-inner\"><\/div>\n\t\t<\/div>\n\t\t\t\t\t\t<\/div>\n\t\t\t\t<\/div>\n\t\t\t\t<div class=\"elementor-element elementor-element-965c876 elementor-widget elementor-widget-heading\" data-id=\"965c876\" data-element_type=\"widget\" data-e-type=\"widget\" data-widget_type=\"heading.default\">\n\t\t\t\t<div class=\"elementor-widget-container\">\n\t\t\t\t\t<h2 class=\"elementor-heading-title elementor-size-default\">FESTLICHES MITTAGESSEN, ABENDESSEN IM MERCATINO <\/h2>\t\t\t\t<\/div>\n\t\t\t\t<\/div>\n\t\t\t\t<div class=\"elementor-element elementor-element-3e7cc33 elementor-widget elementor-widget-spacer\" data-id=\"3e7cc33\" data-element_type=\"widget\" data-e-type=\"widget\" data-widget_type=\"spacer.default\">\n\t\t\t\t<div class=\"elementor-widget-container\">\n\t\t\t\t\t\t\t<div class=\"elementor-spacer\">\n\t\t\t<div class=\"elementor-spacer-inner\"><\/div>\n\t\t<\/div>\n\t\t\t\t\t\t<\/div>\n\t\t\t\t<\/div>\n\t\t\t\t\t<\/div>\n\t\t\t\t<\/div>\n\t\t<div class=\"elementor-element elementor-element-43b96ca e-flex e-con-boxed e-con e-parent\" data-id=\"43b96ca\" data-element_type=\"container\" data-e-type=\"container\">\n\t\t\t\t\t<div class=\"e-con-inner\">\n\t\t\t\t<div class=\"elementor-element elementor-element-32ac71e elementor-widget elementor-widget-text-editor\" data-id=\"32ac71e\" data-element_type=\"widget\" data-e-type=\"widget\" data-widget_type=\"text-editor.default\">\n\t\t\t\t<div class=\"elementor-widget-container\">\n\t\t\t\t\t\t\t\t\t<p><strong>Liebe G\u00e4ste!<\/strong><\/p>\n<p>Wir freuen uns, Sie w\u00e4hrend der Weihnachtsfeiertage in unserem Restaurant willkommen zu hei\u00dfen, denn wir haben am <strong>24., 25. und 26. Dezember <\/strong>f\u00fcr Sie ge\u00f6ffnet. In dieser festlichen Zeit k\u00f6nnen Sie aus unserer <strong>\u00e0 la carte<\/strong>-Speisekarte Ihre Lieblingsgerichte w\u00e4hlen. <\/p>\n<p>Um Ihre Reservierungen im Dezember noch besonderer zu gestalten, m\u00f6chten wir unsere G\u00e4ste mit einem w\u00e4rmenden Getr\u00e4nk \u00fcberraschen \u2013 eine kleine Aufmerksamkeit, um Ihre Festtagsmomente noch zauberhafter zu machen.<\/p>\n<p><strong>Erleben Sie den Weihnachtszauber im Mercatino \u2013 wir freuen uns darauf, Sie auch w\u00e4hrend der Feiertage willkommen zu hei\u00dfen!<\/strong><\/p>\n\t\t\t\t\t\t\t\t<\/div>\n\t\t\t\t<\/div>\n\t\t\t\t<div class=\"elementor-element elementor-element-87ef252 elementor-widget elementor-widget-heading\" data-id=\"87ef252\" data-element_type=\"widget\" data-e-type=\"widget\" data-widget_type=\"heading.default\">\n\t\t\t\t<div class=\"elementor-widget-container\">\n\t\t\t\t\t<h2 class=\"elementor-heading-title elementor-size-default\">Wir m\u00f6chten unsere G\u00e4ste darauf hinweisen, dass Reservierungen f\u00fcr den 24. Dezember nur mit einer Anzahlung garantiert werden k\u00f6nnen.<br><br>Vielen Dank f\u00fcr Ihr Verst\u00e4ndnis!<br><br>Weitere Informationen:<br>+36 30 463 4689<\/h2>\t\t\t\t<\/div>\n\t\t\t\t<\/div>\n\t\t\t\t<div class=\"elementor-element elementor-element-2eeb96b elementor-widget-divider--view-line elementor-widget elementor-widget-divider\" data-id=\"2eeb96b\" data-element_type=\"widget\" data-e-type=\"widget\" data-widget_type=\"divider.default\">\n\t\t\t\t<div class=\"elementor-widget-container\">\n\t\t\t\t\t\t\t<div class=\"elementor-divider\">\n\t\t\t<span class=\"elementor-divider-separator\">\n\t\t\t\t\t\t<\/span>\n\t\t<\/div>\n\t\t\t\t\t\t<\/div>\n\t\t\t\t<\/div>\n\t\t\t\t\t<\/div>\n\t\t\t\t<\/div>\n\t\t\t\t<section class=\"elementor-section elementor-top-section elementor-element elementor-element-a02255d elementor-section-stretched elementor-section-boxed elementor-section-height-default elementor-section-height-default\" data-id=\"a02255d\" data-element_type=\"section\" data-e-type=\"section\" data-settings=\"{&quot;background_background&quot;:&quot;classic&quot;,&quot;stretch_section&quot;:&quot;section-stretched&quot;}\">\n\t\t\t\t\t\t<div class=\"elementor-container elementor-column-gap-default\">\n\t\t\t\t\t<div class=\"elementor-column elementor-col-100 elementor-top-column elementor-element elementor-element-41eebb7\" data-id=\"41eebb7\" data-element_type=\"column\" data-e-type=\"column\">\n\t\t\t<div class=\"elementor-widget-wrap elementor-element-populated\">\n\t\t\t\t\t\t<div class=\"elementor-element elementor-element-9fa2d8c elementor-hidden-tablet elementor-hidden-mobile elementor-widget elementor-widget-html\" data-id=\"9fa2d8c\" data-element_type=\"widget\" data-e-type=\"widget\" data-widget_type=\"html.default\">\n\t\t\t\t<div class=\"elementor-widget-container\">\n\t\t\t\t\t<script type='text\/javascript' src='\/\/www.opentable.co.uk\/widget\/reservation\/loader?rid=265200&type=standard&theme=wide&iframe=true&domain=couk&lang=en-GB&newtab=false&ot_source=Restaurant%20website&ot_campaign=Asztalfoglal%C3%A1s-web'><\/script>\t\t\t\t<\/div>\n\t\t\t\t<\/div>\n\t\t\t\t<div class=\"elementor-element elementor-element-da948ff elementor-hidden-desktop elementor-hidden-tablet elementor-widget elementor-widget-html\" data-id=\"da948ff\" data-element_type=\"widget\" data-e-type=\"widget\" data-widget_type=\"html.default\">\n\t\t\t\t<div class=\"elementor-widget-container\">\n\t\t\t\t\t<script type='text\/javascript' src='\/\/www.opentable.co.uk\/widget\/reservation\/loader?rid=265200&type=standard&theme=standard&iframe=true&domain=couk&lang=en-GB&newtab=false&ot_source=Restaurant%20website&ot_campaign=Foglalas_mobil_main'><\/script>\t\t\t\t<\/div>\n\t\t\t\t<\/div>\n\t\t\t\t\t<\/div>\n\t\t<\/div>\n\t\t\t\t\t<\/div>\n\t\t<\/section>\n\t\t\t\t<\/div>\n\t\t","protected":false},"excerpt":{"rendered":"<p>FESTLICHES MITTAGESSEN, ABENDESSEN IM MERCATINO Liebe G\u00e4ste! Wir freuen uns, Sie w\u00e4hrend der Weihnachtsfeiertage in unserem Restaurant willkommen zu hei\u00dfen, denn wir haben am 24., 25. und 26. Dezember f\u00fcr Sie ge\u00f6ffnet. In dieser festlichen Zeit k\u00f6nnen Sie aus unserer \u00e0 la carte-Speisekarte Ihre Lieblingsgerichte w\u00e4hlen. Um Ihre Reservierungen im Dezember noch besonderer zu gestalten, [&hellip;]<\/p>\n","protected":false},"author":1,"featured_media":0,"parent":0,"menu_order":0,"comment_status":"closed","ping_status":"closed","template":"elementor_header_footer","meta":{"inline_featured_image":false,"footnotes":""},"class_list":["post-12838","page","type-page","status-publish","hentry"],"_links":{"self":[{"href":"https:\/\/mercatino.hu\/de\/wp-json\/wp\/v2\/pages\/12838","targetHints":{"allow":["GET"]}}],"collection":[{"href":"https:\/\/mercatino.hu\/de\/wp-json\/wp\/v2\/pages"}],"about":[{"href":"https:\/\/mercatino.hu\/de\/wp-json\/wp\/v2\/types\/page"}],"author":[{"embeddable":true,"href":"https:\/\/mercatino.hu\/de\/wp-json\/wp\/v2\/users\/1"}],"replies":[{"embeddable":true,"href":"https:\/\/mercatino.hu\/de\/wp-json\/wp\/v2\/comments?post=12838"}],"version-history":[{"count":0,"href":"https:\/\/mercatino.hu\/de\/wp-json\/wp\/v2\/pages\/12838\/revisions"}],"wp:attachment":[{"href":"https:\/\/mercatino.hu\/de\/wp-json\/wp\/v2\/media?parent=12838"}],"curies":[{"name":"wp","href":"https:\/\/api.w.org\/{rel}","templated":true}]}}